{"id":3508,"date":"2015-10-26T08:14:11","date_gmt":"2015-10-26T07:14:11","guid":{"rendered":"https:\/\/gustaviaoffice.com\/?page_id=3508"},"modified":"2018-02-27T14:53:30","modified_gmt":"2018-02-27T13:53:30","slug":"konferenslokaler-motesrum","status":"publish","type":"page","link":"https:\/\/gustaviaoffice.com\/en\/konferenslokaler-motesrum\/","title":{"rendered":"Conference"},"content":{"rendered":"<p><\/p>\n<h2 style=\"text-align: left;\"><strong><img id=\"hus1\" class=\"alignleft\" src=\"https:\/\/www.gustaviaoffice.com\/wp-content\/uploads\/2015\/09\/hus.jpg\" alt=\"\" \/><\/strong><\/h2>\n<h2><span style=\"color: #800000;\"><strong>Arrange your conference in a unique setting, overlooking <span style=\"color: #800000;\">the waters of Stockholm<\/span><\/strong><\/span><\/h2>\n<p><span style=\"color: #800000;\">Gustavia Office offers rooms for meetings and conferences in a unique atmosphere. The rooms are elegant with the grand view of Stockholm and the water outside. We have a staffed reception and help with refreshments and what you may need. All conference rooms have wireless networks. Projector, speaker, TV\/VCR\/DVD, transparencies and whiteboard are of course available. The historic streets of the Old Town and its variety of cafes, restaurants and attractions are just outside the door. Combined with a central location \u2013 close to transportation and hotels this is ideal for your meetings.<\/span><\/p>\n<p><span style=\"color: #800000;\"><strong><span style=\"text-decoration: underline;\"><em><a style=\"color: #800000; text-decoration: underline;\" href=\"https:\/\/www.gustaviaoffice.com\/en\/contact\/\">Contact us<\/a><\/em><\/span><\/strong> and we will help you with your meeting or conference.<\/span><\/p>\n<p>&nbsp;<br \/>\n<a href=\"https:\/\/www.gustaviaoffice.com\/wp-content\/uploads\/2017\/02\/Konferens-1.jpg\"><img loading=\"lazy\" class=\"alignnone wp-image-4067\" src=\"https:\/\/www.gustaviaoffice.com\/wp-content\/uploads\/2017\/02\/Konferens-1-250x188.jpg\" alt=\"Konferens-1\" width=\"351\" height=\"263\" srcset=\"https:\/\/gustaviaoffice.com\/wp-content\/uploads\/2017\/02\/Konferens-1-250x188.jpg 250w, https:\/\/gustaviaoffice.com\/wp-content\/uploads\/2017\/02\/Konferens-1-768x576.jpg 768w, https:\/\/gustaviaoffice.com\/wp-content\/uploads\/2017\/02\/Konferens-1-700x525.jpg 700w, https:\/\/gustaviaoffice.com\/wp-content\/uploads\/2017\/02\/Konferens-1-120x90.jpg 120w, https:\/\/gustaviaoffice.com\/wp-content\/uploads\/2017\/02\/Konferens-1.jpg 2048w\" sizes=\"(max-width: 351px) 100vw, 351px\" \/><\/a>\u00a0<a href=\"https:\/\/www.gustaviaoffice.com\/wp-content\/uploads\/2017\/02\/Konferens-2.jpg\"><img loading=\"lazy\" class=\"alignnone wp-image-4066\" src=\"https:\/\/www.gustaviaoffice.com\/wp-content\/uploads\/2017\/02\/Konferens-2-250x188.jpg\" alt=\"Konferens-2\" width=\"351\" height=\"263\" srcset=\"https:\/\/gustaviaoffice.com\/wp-content\/uploads\/2017\/02\/Konferens-2-250x188.jpg 250w, https:\/\/gustaviaoffice.com\/wp-content\/uploads\/2017\/02\/Konferens-2-768x576.jpg 768w, https:\/\/gustaviaoffice.com\/wp-content\/uploads\/2017\/02\/Konferens-2-700x525.jpg 700w, https:\/\/gustaviaoffice.com\/wp-content\/uploads\/2017\/02\/Konferens-2-120x90.jpg 120w, https:\/\/gustaviaoffice.com\/wp-content\/uploads\/2017\/02\/Konferens-2.jpg 2048w\" sizes=\"(max-width: 351px) 100vw, 351px\" \/><\/a>\u00a0<a href=\"https:\/\/www.gustaviaoffice.com\/wp-content\/uploads\/2017\/02\/Konferens-3.jpg\"><img loading=\"lazy\" class=\"alignnone wp-image-4065\" src=\"https:\/\/www.gustaviaoffice.com\/wp-content\/uploads\/2017\/02\/Konferens-3-250x188.jpg\" alt=\"Konferens-3\" width=\"350\" height=\"263\" srcset=\"https:\/\/gustaviaoffice.com\/wp-content\/uploads\/2017\/02\/Konferens-3-250x188.jpg 250w, https:\/\/gustaviaoffice.com\/wp-content\/uploads\/2017\/02\/Konferens-3-768x576.jpg 768w, https:\/\/gustaviaoffice.com\/wp-content\/uploads\/2017\/02\/Konferens-3-700x525.jpg 700w, https:\/\/gustaviaoffice.com\/wp-content\/uploads\/2017\/02\/Konferens-3-120x90.jpg 120w, https:\/\/gustaviaoffice.com\/wp-content\/uploads\/2017\/02\/Konferens-3.jpg 2048w\" sizes=\"(max-width: 350px) 100vw, 350px\" \/><\/a>\u00a0<a href=\"https:\/\/www.gustaviaoffice.com\/wp-content\/uploads\/2017\/02\/Konferens-4.jpg\"><img loading=\"lazy\" class=\"alignnone wp-image-4064\" src=\"https:\/\/www.gustaviaoffice.com\/wp-content\/uploads\/2017\/02\/Konferens-4-250x188.jpg\" alt=\"Konferens-4\" width=\"350\" height=\"263\" srcset=\"https:\/\/gustaviaoffice.com\/wp-content\/uploads\/2017\/02\/Konferens-4-250x188.jpg 250w, https:\/\/gustaviaoffice.com\/wp-content\/uploads\/2017\/02\/Konferens-4-768x576.jpg 768w, https:\/\/gustaviaoffice.com\/wp-content\/uploads\/2017\/02\/Konferens-4-700x525.jpg 700w, https:\/\/gustaviaoffice.com\/wp-content\/uploads\/2017\/02\/Konferens-4-120x90.jpg 120w, https:\/\/gustaviaoffice.com\/wp-content\/uploads\/2017\/02\/Konferens-4.jpg 2048w\" sizes=\"(max-width: 350px) 100vw, 350px\" \/><\/a>\u00a0<a href=\"https:\/\/www.gustaviaoffice.com\/wp-content\/uploads\/2015\/10\/Konferens-7.jpg\"><img loading=\"lazy\" class=\"alignnone wp-image-4195\" src=\"https:\/\/www.gustaviaoffice.com\/wp-content\/uploads\/2015\/10\/Konferens-7-250x188.jpg\" alt=\"Konferens-7\" width=\"350\" height=\"263\" srcset=\"https:\/\/gustaviaoffice.com\/wp-content\/uploads\/2015\/10\/Konferens-7-250x188.jpg 250w, https:\/\/gustaviaoffice.com\/wp-content\/uploads\/2015\/10\/Konferens-7-768x576.jpg 768w, https:\/\/gustaviaoffice.com\/wp-content\/uploads\/2015\/10\/Konferens-7-700x525.jpg 700w, https:\/\/gustaviaoffice.com\/wp-content\/uploads\/2015\/10\/Konferens-7-120x90.jpg 120w, https:\/\/gustaviaoffice.com\/wp-content\/uploads\/2015\/10\/Konferens-7.jpg 2048w\" sizes=\"(max-width: 350px) 100vw, 350px\" \/><\/a>\u00a0<a href=\"https:\/\/www.gustaviaoffice.com\/wp-content\/uploads\/2017\/02\/Konferens-5.jpg\"><img loading=\"lazy\" class=\"alignnone wp-image-4063\" src=\"https:\/\/www.gustaviaoffice.com\/wp-content\/uploads\/2017\/02\/Konferens-5-250x188.jpg\" alt=\"Konferens-5\" width=\"350\" height=\"263\" srcset=\"https:\/\/gustaviaoffice.com\/wp-content\/uploads\/2017\/02\/Konferens-5-250x188.jpg 250w, https:\/\/gustaviaoffice.com\/wp-content\/uploads\/2017\/02\/Konferens-5-768x576.jpg 768w, https:\/\/gustaviaoffice.com\/wp-content\/uploads\/2017\/02\/Konferens-5-700x525.jpg 700w, https:\/\/gustaviaoffice.com\/wp-content\/uploads\/2017\/02\/Konferens-5-120x90.jpg 120w, https:\/\/gustaviaoffice.com\/wp-content\/uploads\/2017\/02\/Konferens-5.jpg 2048w\" sizes=\"(max-width: 350px) 100vw, 350px\" \/><\/a><\/p>","protected":false},"excerpt":{"rendered":"Arrange your conference in a unique setting, overlooking the waters of Stockholm Gustavia Office offers rooms for meetings and conferences in a unique atmosphere. The rooms are elegant with the grand view of Stockholm and the water outside. We have a staffed reception and help with refreshments and what you may need. All conference rooms&#8230; <a class=\"view-article\" href=\"https:\/\/gustaviaoffice.com\/en\/konferenslokaler-motesrum\/\">View Article<\/a>","protected":false},"author":1,"featured_media":0,"parent":0,"menu_order":0,"comment_status":"closed","ping_status":"closed","template":"template-undersida.php","meta":[],"yoast_head":"<!-- This site is optimized with the Yoast SEO plugin v15.6.2 - https:\/\/yoast.com\/wordpress\/plugins\/seo\/ -->\n<meta name=\"description\" content=\"Gustavia har flera konferens- och m\u00f6tesrum i olika storlekar och f\u00f6r olika behov. Med ett vackert och centralt l\u00e4ge \u00e4r detta en idealisk m\u00f6tesplats.\" \/>\n<meta name=\"robots\" content=\"index, follow, max-snippet:-1, max-image-preview:large, max-video-preview:-1\" \/>\n<link rel=\"canonical\" href=\"https:\/\/gustaviaoffice.com\/en\/konferenslokaler-motesrum\/\" \/>\n<meta property=\"og:locale\" content=\"en_US\" \/>\n<meta property=\"og:type\" content=\"article\" \/>\n<meta property=\"og:title\" content=\"Konferenslokaler i centrala Stockholm | Boka M\u00f6tesrum i Gamla Stan\" \/>\n<meta property=\"og:description\" content=\"Gustavia har flera konferens- och m\u00f6tesrum i olika storlekar och f\u00f6r olika behov. Med ett vackert och centralt l\u00e4ge \u00e4r detta en idealisk m\u00f6tesplats.\" \/>\n<meta property=\"og:url\" content=\"https:\/\/gustaviaoffice.com\/en\/konferenslokaler-motesrum\/\" \/>\n<meta property=\"og:site_name\" content=\"Gustavia Office\" \/>\n<meta property=\"article:modified_time\" content=\"2018-02-27T13:53:30+00:00\" \/>\n<meta property=\"og:image\" content=\"http:\/\/www.gustaviaoffice.com\/wp-content\/uploads\/2015\/09\/hus.jpg\" \/>\n<meta name=\"twitter:card\" content=\"summary\" \/>\n<meta name=\"twitter:label1\" content=\"Est. reading time\">\n\t<meta name=\"twitter:data1\" content=\"1 minute\">\n<script type=\"application\/ld+json\" class=\"yoast-schema-graph\">{\"@context\":\"https:\/\/schema.org\",\"@graph\":[{\"@type\":\"WebSite\",\"@id\":\"https:\/\/gustaviaoffice.com\/#website\",\"url\":\"https:\/\/gustaviaoffice.com\/\",\"name\":\"Gustavia Office\",\"description\":\"\",\"potentialAction\":[{\"@type\":\"SearchAction\",\"target\":\"https:\/\/gustaviaoffice.com\/?s={search_term_string}\",\"query-input\":\"required name=search_term_string\"}],\"inLanguage\":\"en\"},{\"@type\":\"ImageObject\",\"@id\":\"https:\/\/gustaviaoffice.com\/en\/konferenslokaler-motesrum\/#primaryimage\",\"inLanguage\":\"en\",\"url\":\"https:\/\/www.gustaviaoffice.com\/wp-content\/uploads\/2015\/09\/hus.jpg\"},{\"@type\":\"WebPage\",\"@id\":\"https:\/\/gustaviaoffice.com\/en\/konferenslokaler-motesrum\/#webpage\",\"url\":\"https:\/\/gustaviaoffice.com\/en\/konferenslokaler-motesrum\/\",\"name\":\"Konferenslokaler i centrala Stockholm | Boka M\\u00f6tesrum i Gamla Stan\",\"isPartOf\":{\"@id\":\"https:\/\/gustaviaoffice.com\/#website\"},\"primaryImageOfPage\":{\"@id\":\"https:\/\/gustaviaoffice.com\/en\/konferenslokaler-motesrum\/#primaryimage\"},\"datePublished\":\"2015-10-26T07:14:11+00:00\",\"dateModified\":\"2018-02-27T13:53:30+00:00\",\"description\":\"Gustavia har flera konferens- och m\\u00f6tesrum i olika storlekar och f\\u00f6r olika behov. Med ett vackert och centralt l\\u00e4ge \\u00e4r detta en idealisk m\\u00f6tesplats.\",\"inLanguage\":\"en\",\"potentialAction\":[{\"@type\":\"ReadAction\",\"target\":[\"https:\/\/gustaviaoffice.com\/en\/konferenslokaler-motesrum\/\"]}]}]}<\/script>\n<!-- \/ Yoast SEO plugin. -->","_links":{"self":[{"href":"https:\/\/gustaviaoffice.com\/en\/wp-json\/wp\/v2\/pages\/3508"}],"collection":[{"href":"https:\/\/gustaviaoffice.com\/en\/wp-json\/wp\/v2\/pages"}],"about":[{"href":"https:\/\/gustaviaoffice.com\/en\/wp-json\/wp\/v2\/types\/page"}],"author":[{"embeddable":true,"href":"https:\/\/gustaviaoffice.com\/en\/wp-json\/wp\/v2\/users\/1"}],"replies":[{"embeddable":true,"href":"https:\/\/gustaviaoffice.com\/en\/wp-json\/wp\/v2\/comments?post=3508"}],"version-history":[{"count":52,"href":"https:\/\/gustaviaoffice.com\/en\/wp-json\/wp\/v2\/pages\/3508\/revisions"}],"predecessor-version":[{"id":4224,"href":"https:\/\/gustaviaoffice.com\/en\/wp-json\/wp\/v2\/pages\/3508\/revisions\/4224"}],"wp:attachment":[{"href":"https:\/\/gustaviaoffice.com\/en\/wp-json\/wp\/v2\/media?parent=3508"}],"curies":[{"name":"wp","href":"https:\/\/api.w.org\/{rel}","templated":true}]}}