{"id":3502,"date":"2015-10-26T08:09:04","date_gmt":"2015-10-26T07:09:04","guid":{"rendered":"https:\/\/gustaviaoffice.com\/?page_id=3502"},"modified":"2018-02-27T14:21:45","modified_gmt":"2018-02-27T13:21:45","slug":"hem","status":"publish","type":"page","link":"https:\/\/gustaviaoffice.com\/en\/","title":{"rendered":"Home"},"content":{"rendered":"<p><img id=\"hus1\" class=\"alignleft\" src=\"https:\/\/www.gustaviaoffice.com\/wp-content\/uploads\/2015\/09\/hus.jpg\" alt=\"\" \/><\/p>\n<h1><span style=\"color: #800000;\">Gustavia Office<\/span><\/h1>\n<h2><span style=\"color: #800000;\"><strong>Premium offices, conference rooms and apartments in Stockholm&#8217;s Old Town<\/strong><\/span><\/h2>\n<p><span style=\"color: #800000;\">Gustavia Office is a unique office hotel in a beautiful building dating back to the 17<sup>th<\/sup> century. The \u201dFunckska huset\u201d is situated in the very heart of Stockholm, at Kornhamnstorg in the Old Town, with a fantastic view, overlooking the water. We offer <span style=\"text-decoration: underline;\"><strong><a style=\"color: #800000; text-decoration: underline;\" href=\"https:\/\/www.gustaviaoffice.com\/en\/offices\/\"><em>high-end offices<\/em><\/a><\/strong><\/span>, <strong><span style=\"text-decoration: underline;\"><a style=\"color: #800000; text-decoration: underline;\" href=\"https:\/\/www.gustaviaoffice.com\/en\/konferenslokaler-motesrum\/\"><em>rooms for meetings and conferences<\/em><\/a><\/span><\/strong> as well as <em><strong><span style=\"text-decoration: underline;\"><a style=\"color: #800000; text-decoration: underline;\" href=\"https:\/\/www.gustaviaoffice.com\/en\/apartments\/\">two apartments<\/a><\/span><\/strong><\/em> for short-term stays. <\/span><\/p>\n<p><span style=\"color: #800000;\">Welcome!\u00a0<\/span><\/p>","protected":false},"excerpt":{"rendered":"Gustavia Office Premium offices, conference rooms and apartments in Stockholm&#8217;s Old Town Gustavia Office is a unique office hotel in a beautiful building dating back to the 17th century. The \u201dFunckska huset\u201d is situated in the very heart of Stockholm, at Kornhamnstorg in the Old Town, with a fantastic view, overlooking the water. We offer&#8230; <a class=\"view-article\" href=\"https:\/\/gustaviaoffice.com\/en\/\">View Article<\/a>","protected":false},"author":1,"featured_media":0,"parent":0,"menu_order":0,"comment_status":"closed","ping_status":"closed","template":"template-start.php","meta":[],"yoast_head":"<!-- This site is optimized with the Yoast SEO plugin v15.6.2 - https:\/\/yoast.com\/wordpress\/plugins\/seo\/ -->\n<meta name=\"description\" content=\"Gustavia Office \u00e4r ett exklusivt internationellt kontorshotell i Gamla stan i centrala Stockholm. VI erbjuder lokaler f\u00f6r kontor, konferens, m\u00f6ten och \u00f6vernattning. V\u00e4lkommen.\" \/>\n<meta name=\"robots\" content=\"index, follow, max-snippet:-1, max-image-preview:large, max-video-preview:-1\" \/>\n<link rel=\"canonical\" href=\"https:\/\/gustaviaoffice.com\/en\/\" \/>\n<meta property=\"og:locale\" content=\"en_US\" \/>\n<meta property=\"og:type\" content=\"article\" \/>\n<meta property=\"og:title\" content=\"Kontorsl\u00f6sning i gamla stan - centrala Stockholm\" \/>\n<meta property=\"og:description\" content=\"Gustavia Office \u00e4r ett exklusivt internationellt kontorshotell i Gamla stan i centrala Stockholm. VI erbjuder lokaler f\u00f6r kontor, konferens, m\u00f6ten och \u00f6vernattning. V\u00e4lkommen.\" \/>\n<meta property=\"og:url\" content=\"https:\/\/gustaviaoffice.com\/en\/\" \/>\n<meta property=\"og:site_name\" content=\"Gustavia Office\" \/>\n<meta property=\"article:modified_time\" content=\"2018-02-27T13:21:45+00:00\" \/>\n<meta property=\"og:image\" content=\"http:\/\/www.gustaviaoffice.com\/wp-content\/uploads\/2015\/09\/hus.jpg\" \/>\n<meta name=\"twitter:card\" content=\"summary\" \/>\n<meta name=\"twitter:label1\" content=\"Est. reading time\">\n\t<meta name=\"twitter:data1\" content=\"1 minute\">\n<script type=\"application\/ld+json\" class=\"yoast-schema-graph\">{\"@context\":\"https:\/\/schema.org\",\"@graph\":[{\"@type\":\"WebSite\",\"@id\":\"https:\/\/gustaviaoffice.com\/#website\",\"url\":\"https:\/\/gustaviaoffice.com\/\",\"name\":\"Gustavia Office\",\"description\":\"\",\"potentialAction\":[{\"@type\":\"SearchAction\",\"target\":\"https:\/\/gustaviaoffice.com\/?s={search_term_string}\",\"query-input\":\"required name=search_term_string\"}],\"inLanguage\":\"en\"},{\"@type\":\"ImageObject\",\"@id\":\"https:\/\/gustaviaoffice.com\/en\/#primaryimage\",\"inLanguage\":\"en\",\"url\":\"https:\/\/www.gustaviaoffice.com\/wp-content\/uploads\/2015\/09\/hus.jpg\"},{\"@type\":\"WebPage\",\"@id\":\"https:\/\/gustaviaoffice.com\/en\/#webpage\",\"url\":\"https:\/\/gustaviaoffice.com\/en\/\",\"name\":\"Kontorsl\\u00f6sning i gamla stan - centrala Stockholm\",\"isPartOf\":{\"@id\":\"https:\/\/gustaviaoffice.com\/#website\"},\"primaryImageOfPage\":{\"@id\":\"https:\/\/gustaviaoffice.com\/en\/#primaryimage\"},\"datePublished\":\"2015-10-26T07:09:04+00:00\",\"dateModified\":\"2018-02-27T13:21:45+00:00\",\"description\":\"Gustavia Office \\u00e4r ett exklusivt internationellt kontorshotell i Gamla stan i centrala Stockholm. VI erbjuder lokaler f\\u00f6r kontor, konferens, m\\u00f6ten och \\u00f6vernattning. V\\u00e4lkommen.\",\"inLanguage\":\"en\",\"potentialAction\":[{\"@type\":\"ReadAction\",\"target\":[\"https:\/\/gustaviaoffice.com\/en\/\"]}]}]}<\/script>\n<!-- \/ Yoast SEO plugin. -->","_links":{"self":[{"href":"https:\/\/gustaviaoffice.com\/en\/wp-json\/wp\/v2\/pages\/3502"}],"collection":[{"href":"https:\/\/gustaviaoffice.com\/en\/wp-json\/wp\/v2\/pages"}],"about":[{"href":"https:\/\/gustaviaoffice.com\/en\/wp-json\/wp\/v2\/types\/page"}],"author":[{"embeddable":true,"href":"https:\/\/gustaviaoffice.com\/en\/wp-json\/wp\/v2\/users\/1"}],"replies":[{"embeddable":true,"href":"https:\/\/gustaviaoffice.com\/en\/wp-json\/wp\/v2\/comments?post=3502"}],"version-history":[{"count":257,"href":"https:\/\/gustaviaoffice.com\/en\/wp-json\/wp\/v2\/pages\/3502\/revisions"}],"predecessor-version":[{"id":4216,"href":"https:\/\/gustaviaoffice.com\/en\/wp-json\/wp\/v2\/pages\/3502\/revisions\/4216"}],"wp:attachment":[{"href":"https:\/\/gustaviaoffice.com\/en\/wp-json\/wp\/v2\/media?parent=3502"}],"curies":[{"name":"wp","href":"https:\/\/api.w.org\/{rel}","templated":true}]}}